{"id":16266,"date":"2020-04-26T19:11:03","date_gmt":"2020-04-26T17:11:03","guid":{"rendered":"https:\/\/www.socrateinlove.com\/?page_id=16266"},"modified":"2020-09-03T16:45:22","modified_gmt":"2020-09-03T14:45:22","slug":"evenements","status":"publish","type":"page","link":"https:\/\/www.socrateinlove.com\/en\/evenements\/","title":{"rendered":"\u00c9v\u00e9nements"},"content":{"rendered":"<div data-elementor-type=\"wp-page\" data-elementor-id=\"16266\" class=\"elementor elementor-16266\">\n\t\t\t\t\t\t<section class=\"elementor-section elementor-top-section elementor-element elementor-element-1397af0 elementor-section-boxed elementor-section-height-default elementor-section-height-default\" data-id=\"1397af0\" data-element_type=\"section\">\n\t\t\t\t\t\t<div class=\"elementor-container elementor-column-gap-default\">\n\t\t\t\t\t<div class=\"elementor-column elementor-col-100 elementor-top-column elementor-element elementor-element-6d84a6d\" data-id=\"6d84a6d\" data-element_type=\"column\">\n\t\t\t<div class=\"elementor-widget-wrap elementor-element-populated\">\n\t\t\t\t\t\t<div class=\"elementor-element elementor-element-976c6c9 elementor-widget elementor-widget-text-editor\" data-id=\"976c6c9\" data-element_type=\"widget\" data-widget_type=\"text-editor.default\">\n\t\t\t\t<div class=\"elementor-widget-container\">\n\t\t\t\t\t\t\t<p>Dear Aspirants\u00a0<\/p><p>Given the current conditions, we hope to be able to start the conferences with our Inspirers, from Novembre 2020.\u00a0<\/p><p>Until then, we will keep you posted and adapt.\u00a0<\/p>\t\t\t\t\t\t<\/div>\n\t\t\t\t<\/div>\n\t\t\t\t\t<\/div>\n\t\t<\/div>\n\t\t\t\t\t<\/div>\n\t\t<\/section>\n\t\t\t\t<section class=\"elementor-section elementor-top-section elementor-element elementor-element-8066f96 elementor-section-boxed elementor-section-height-default elementor-section-height-default\" data-id=\"8066f96\" data-element_type=\"section\">\n\t\t\t\t\t\t<div class=\"elementor-container elementor-column-gap-default\">\n\t\t\t\t\t<div class=\"elementor-column elementor-col-100 elementor-top-column elementor-element elementor-element-4a04fc8\" data-id=\"4a04fc8\" data-element_type=\"column\">\n\t\t\t<div class=\"elementor-widget-wrap elementor-element-populated\">\n\t\t\t\t\t\t<div class=\"elementor-element elementor-element-3ef4a3e elementor-widget elementor-widget-html\" data-id=\"3ef4a3e\" data-element_type=\"widget\" data-widget_type=\"html.default\">\n\t\t\t\t<div class=\"elementor-widget-container\">\n\t\t\t\t\t<div class=\"wcs-timetable__wrapper\">\n\t\t\t<div class=\"wcs-vue\" id=\"wcs-app-7\"><\/div>\n\t\t<\/div>\n\t\t\n\t\t<\/div>\n\t\t\t\t<\/div>\n\t\t\t\t\t<\/div>\n\t\t<\/div>\n\t\t\t\t\t<\/div>\n\t\t<\/section>\n\t\t\t\t<\/div>","protected":false},"excerpt":{"rendered":"<p>Chers Aspirants,&nbsp; Au vu des conditions actuelles, nous esp\u00e9rons pouvoir d\u00e9marrer les conf\u00e9rences avec nos Inspirants, \u00e0 partir du mois de novembre 2020.&nbsp; D&rsquo;ici l\u00e0, nous vous tiendrons au courant et nous nous adapterons.&nbsp;<\/p>","protected":false},"author":1,"featured_media":0,"parent":0,"menu_order":0,"comment_status":"closed","ping_status":"closed","template":"elementor_header_footer","meta":{"footnotes":""},"yoast_head":"<!-- This site is optimized with the Yoast SEO plugin v22.9 - https:\/\/yoast.com\/wordpress\/plugins\/seo\/ -->\n<title>\u00c9v\u00e9nements - Socrate in love<\/title>\n<meta name=\"description\" content=\"Chers Aspirants, Au vu des conditions actuelles, nous esp\u00e9rons pouvoir d\u00e9marrer les conf\u00e9rences avec nos Inspirants, \u00e0 partir du mois de novembre 2020. D\u2019ici l\u00e0, nous vous tiendrons au courant et nous nous adapterons.\" \/>\n<meta name=\"robots\" content=\"index, follow, max-snippet:-1, max-image-preview:large, max-video-preview:-1\" \/>\n<link rel=\"canonical\" href=\"https:\/\/www.socrateinlove.com\/en\/evenements\/\" \/>\n<meta property=\"og:locale\" content=\"en_US\" \/>\n<meta property=\"og:type\" content=\"article\" \/>\n<meta property=\"og:title\" content=\"\u00c9v\u00e9nements - Socrate in love\" \/>\n<meta property=\"og:description\" content=\"Chers Aspirants, Au vu des conditions actuelles, nous esp\u00e9rons pouvoir d\u00e9marrer les conf\u00e9rences avec nos Inspirants, \u00e0 partir du mois de novembre 2020. D\u2019ici l\u00e0, nous vous tiendrons au courant et nous nous adapterons.\" \/>\n<meta property=\"og:url\" content=\"https:\/\/www.socrateinlove.com\/en\/evenements\/\" \/>\n<meta property=\"og:site_name\" content=\"Socrate in love\" \/>\n<meta property=\"article:modified_time\" content=\"2020-09-03T14:45:22+00:00\" \/>\n<meta name=\"twitter:card\" content=\"summary_large_image\" \/>\n<script type=\"application\/ld+json\" class=\"yoast-schema-graph\">{\"@context\":\"https:\/\/schema.org\",\"@graph\":[{\"@type\":\"WebPage\",\"@id\":\"https:\/\/www.socrateinlove.com\/evenements\/\",\"url\":\"https:\/\/www.socrateinlove.com\/evenements\/\",\"name\":\"\u00c9v\u00e9nements - Socrate in love\",\"isPartOf\":{\"@id\":\"https:\/\/www.socrateinlove.com\/#website\"},\"datePublished\":\"2020-04-26T17:11:03+00:00\",\"dateModified\":\"2020-09-03T14:45:22+00:00\",\"description\":\"Chers Aspirants, Au vu des conditions actuelles, nous esp\u00e9rons pouvoir d\u00e9marrer les conf\u00e9rences avec nos Inspirants, \u00e0 partir du mois de novembre 2020. D\u2019ici l\u00e0, nous vous tiendrons au courant et nous nous adapterons.\",\"breadcrumb\":{\"@id\":\"https:\/\/www.socrateinlove.com\/evenements\/#breadcrumb\"},\"inLanguage\":\"en-US\",\"potentialAction\":[{\"@type\":\"ReadAction\",\"target\":[\"https:\/\/www.socrateinlove.com\/evenements\/\"]}]},{\"@type\":\"BreadcrumbList\",\"@id\":\"https:\/\/www.socrateinlove.com\/evenements\/#breadcrumb\",\"itemListElement\":[{\"@type\":\"ListItem\",\"position\":1,\"name\":\"Accueil\",\"item\":\"https:\/\/www.socrateinlove.com\/\"},{\"@type\":\"ListItem\",\"position\":2,\"name\":\"\u00c9v\u00e9nements\"}]},{\"@type\":\"WebSite\",\"@id\":\"https:\/\/www.socrateinlove.com\/#website\",\"url\":\"https:\/\/www.socrateinlove.com\/\",\"name\":\"Socrate in love\",\"description\":\"Changer de vie ? De job ? Mais comment ?\",\"publisher\":{\"@id\":\"https:\/\/www.socrateinlove.com\/#organization\"},\"potentialAction\":[{\"@type\":\"SearchAction\",\"target\":{\"@type\":\"EntryPoint\",\"urlTemplate\":\"https:\/\/www.socrateinlove.com\/?s={search_term_string}\"},\"query-input\":\"required name=search_term_string\"}],\"inLanguage\":\"en-US\"},{\"@type\":\"Organization\",\"@id\":\"https:\/\/www.socrateinlove.com\/#organization\",\"name\":\"Socrate in love\",\"url\":\"https:\/\/www.socrateinlove.com\/\",\"logo\":{\"@type\":\"ImageObject\",\"inLanguage\":\"en-US\",\"@id\":\"https:\/\/www.socrateinlove.com\/#\/schema\/logo\/image\/\",\"url\":\"https:\/\/www.socrateinlove.com\/wp-content\/uploads\/2019\/12\/socratelogo-200b.png\",\"contentUrl\":\"https:\/\/www.socrateinlove.com\/wp-content\/uploads\/2019\/12\/socratelogo-200b.png\",\"width\":200,\"height\":57,\"caption\":\"Socrate in love\"},\"image\":{\"@id\":\"https:\/\/www.socrateinlove.com\/#\/schema\/logo\/image\/\"},\"sameAs\":[\"https:\/\/www.instagram.com\/socrateinlove\/\"]}]}<\/script>\n<!-- \/ Yoast SEO plugin. -->","yoast_head_json":{"title":"\u00c9v\u00e9nements - Socrate in love","description":"Chers Aspirants, Au vu des conditions actuelles, nous esp\u00e9rons pouvoir d\u00e9marrer les conf\u00e9rences avec nos Inspirants, \u00e0 partir du mois de novembre 2020. D\u2019ici l\u00e0, nous vous tiendrons au courant et nous nous adapterons.","robots":{"index":"index","follow":"follow","max-snippet":"max-snippet:-1","max-image-preview":"max-image-preview:large","max-video-preview":"max-video-preview:-1"},"canonical":"https:\/\/www.socrateinlove.com\/en\/evenements\/","og_locale":"en_US","og_type":"article","og_title":"\u00c9v\u00e9nements - Socrate in love","og_description":"Chers Aspirants, Au vu des conditions actuelles, nous esp\u00e9rons pouvoir d\u00e9marrer les conf\u00e9rences avec nos Inspirants, \u00e0 partir du mois de novembre 2020. D\u2019ici l\u00e0, nous vous tiendrons au courant et nous nous adapterons.","og_url":"https:\/\/www.socrateinlove.com\/en\/evenements\/","og_site_name":"Socrate in love","article_modified_time":"2020-09-03T14:45:22+00:00","twitter_card":"summary_large_image","schema":{"@context":"https:\/\/schema.org","@graph":[{"@type":"WebPage","@id":"https:\/\/www.socrateinlove.com\/evenements\/","url":"https:\/\/www.socrateinlove.com\/evenements\/","name":"\u00c9v\u00e9nements - Socrate in love","isPartOf":{"@id":"https:\/\/www.socrateinlove.com\/#website"},"datePublished":"2020-04-26T17:11:03+00:00","dateModified":"2020-09-03T14:45:22+00:00","description":"Chers Aspirants, Au vu des conditions actuelles, nous esp\u00e9rons pouvoir d\u00e9marrer les conf\u00e9rences avec nos Inspirants, \u00e0 partir du mois de novembre 2020. D\u2019ici l\u00e0, nous vous tiendrons au courant et nous nous adapterons.","breadcrumb":{"@id":"https:\/\/www.socrateinlove.com\/evenements\/#breadcrumb"},"inLanguage":"en-US","potentialAction":[{"@type":"ReadAction","target":["https:\/\/www.socrateinlove.com\/evenements\/"]}]},{"@type":"BreadcrumbList","@id":"https:\/\/www.socrateinlove.com\/evenements\/#breadcrumb","itemListElement":[{"@type":"ListItem","position":1,"name":"Accueil","item":"https:\/\/www.socrateinlove.com\/"},{"@type":"ListItem","position":2,"name":"\u00c9v\u00e9nements"}]},{"@type":"WebSite","@id":"https:\/\/www.socrateinlove.com\/#website","url":"https:\/\/www.socrateinlove.com\/","name":"Socrate in love","description":"Changer de vie ? De job ? Mais comment ?","publisher":{"@id":"https:\/\/www.socrateinlove.com\/#organization"},"potentialAction":[{"@type":"SearchAction","target":{"@type":"EntryPoint","urlTemplate":"https:\/\/www.socrateinlove.com\/?s={search_term_string}"},"query-input":"required name=search_term_string"}],"inLanguage":"en-US"},{"@type":"Organization","@id":"https:\/\/www.socrateinlove.com\/#organization","name":"Socrate in love","url":"https:\/\/www.socrateinlove.com\/","logo":{"@type":"ImageObject","inLanguage":"en-US","@id":"https:\/\/www.socrateinlove.com\/#\/schema\/logo\/image\/","url":"https:\/\/www.socrateinlove.com\/wp-content\/uploads\/2019\/12\/socratelogo-200b.png","contentUrl":"https:\/\/www.socrateinlove.com\/wp-content\/uploads\/2019\/12\/socratelogo-200b.png","width":200,"height":57,"caption":"Socrate in love"},"image":{"@id":"https:\/\/www.socrateinlove.com\/#\/schema\/logo\/image\/"},"sameAs":["https:\/\/www.instagram.com\/socrateinlove\/"]}]}},"_links":{"self":[{"href":"https:\/\/www.socrateinlove.com\/en\/wp-json\/wp\/v2\/pages\/16266"}],"collection":[{"href":"https:\/\/www.socrateinlove.com\/en\/wp-json\/wp\/v2\/pages"}],"about":[{"href":"https:\/\/www.socrateinlove.com\/en\/wp-json\/wp\/v2\/types\/page"}],"author":[{"embeddable":true,"href":"https:\/\/www.socrateinlove.com\/en\/wp-json\/wp\/v2\/users\/1"}],"replies":[{"embeddable":true,"href":"https:\/\/www.socrateinlove.com\/en\/wp-json\/wp\/v2\/comments?post=16266"}],"version-history":[{"count":14,"href":"https:\/\/www.socrateinlove.com\/en\/wp-json\/wp\/v2\/pages\/16266\/revisions"}],"predecessor-version":[{"id":16979,"href":"https:\/\/www.socrateinlove.com\/en\/wp-json\/wp\/v2\/pages\/16266\/revisions\/16979"}],"wp:attachment":[{"href":"https:\/\/www.socrateinlove.com\/en\/wp-json\/wp\/v2\/media?parent=16266"}],"curies":[{"name":"wp","href":"https:\/\/api.w.org\/{rel}","templated":true}]}}